{"id":205,"date":"2023-04-25T11:52:07","date_gmt":"2023-04-25T09:52:07","guid":{"rendered":"https:\/\/test.fidesco.at\/?page_id=205"},"modified":"2026-04-13T15:00:40","modified_gmt":"2026-04-13T13:00:40","slug":"goenner","status":"publish","type":"page","link":"https:\/\/fidesco.at\/?page_id=205","title":{"rendered":"Unterst\u00fctzung"},"content":{"rendered":"\t\t<div data-elementor-type=\"wp-page\" data-elementor-id=\"205\" class=\"elementor elementor-205\">\n\t\t\t\t<div class=\"elementor-element elementor-element-137c5c89 e-flex e-con-boxed e-con e-parent\" data-id=\"137c5c89\" data-element_type=\"container\" data-e-type=\"container\">\n\t\t\t\t\t<div class=\"e-con-inner\">\n\t\t\t\t<div class=\"elementor-element elementor-element-12d0c4e8 elementor-widget elementor-widget-text-editor\" data-id=\"12d0c4e8\" data-element_type=\"widget\" data-e-type=\"widget\" data-widget_type=\"text-editor.default\">\n\t\t\t\t<div class=\"elementor-widget-container\">\n\t\t\t\t\t\t\t\t\t\n<h2 class=\"wp-block-heading has-text-align-center\">Wir danken unseren G\u00f6nnern und Spendern f\u00fcr die Unterst\u00fctzung<\/h2>\n<hr class=\"wp-block-separator has-alpha-channel-opacity is-style-default\" \/>\n<div class=\"wp-block-columns is-layout-flex wp-container-core-columns-is-layout-9d6595d7 wp-block-columns-is-layout-flex\">\n<div class=\"wp-block-column is-vertically-aligned-center is-layout-flow wp-block-column-is-layout-flow\" style=\"flex-basis: 66.66%;\"><br \/>\n<style>#pgb-208 .photo-gallery-item .caption { background-color: #dd3333;  }#pgb-208 .photo-gallery-item .figc {color:#dd3333;}#pgb-208 .pgb-title {  font-size: 10px; }#pgb-208  p.description { color:#dd3333;font-size:10px; }#pgb-208  .pgb-title { color:#dd0f0f; }<\/style>\n<div id=\"pgb-208\" class=\"photo-gallery-wp photo-gallery\" style=\"padding:0px 15px 0px 0px;\" data-config=\"{&quot;margin&quot;:8,&quot;type&quot;:&quot;creative-gallery&quot;,&quot;gutter&quot;:29}\">\n<style>\n\/* ---- isotope ---- *\/<\/p>\n<p>\/* clear fix *\/\n.grid_pgb-208 {\n  content: '';\n  display: block;\n  clear: both;\n}<\/p>\n<p>\/* ---- .grid-item ---- *\/<\/p>\n<p>.grid-item_pgb-208 {\n  float: left;\n}<\/p>\n<p>.grid-item_pgb-208 img {\n  display: block;\n  max-width: 100%;\n}\n<\/style>\n<div class=\"layout-4\">\n<div class=\"row grid\" id=\"grid_pgb-208\">\n<div class=\"col-md-4 project col-sm-6 col-12 grid-item_pgb-208\">\n<div style=\"margin: 29px;\" >\n\t\t\t\t\t\t\t<img decoding=\"async\" src=\"https:\/\/fidesco.at\/wp-content\/uploads\/2023\/04\/ICEP-Logo_mit-WMU_web-1-768x232-1-535x162.jpg\"><\/p>\n<div class=\"dimmer\">\n<div class=\"overlay\" style=\"background-color: #ffffff; \">\n<p>\t\t\t\t\t\t\t\t                 \t\t\t<a class=\"link\" style=\"display: none;\" title=\"\"><i class=\"fa fa-link\"><\/i><\/a><\/p>\n<h4 class='pgb-title' style=\"\">\n\t\t                      \t\t\t\t                       \t<\/h4>\n<p class=\"description\">\n<p>\t                        \t\t                        \t<a class=\"popup-box\" href=\"https:\/\/fidesco.at\/wp-content\/uploads\/2023\/04\/ICEP-Logo_mit-WMU_web-1-768x232-1.jpg\" data-lightbox=\"image\"><br \/>\n\t\t                           \t\t <i class=\"fa fa-plus\"><\/i><br \/>\n\t\t\t                        <\/a>\t\t<\/p><\/div>\n<p><!-- overlay -->\n\t\t\t\t\t<\/div>\n<p><!-- dimmer --><\/p><\/div>\n<p><!-- margin or gutter -->\n\t\t\t<\/div>\n<p><!-- col --><\/p>\n<div class=\"col-md-4 project col-sm-6 col-12 grid-item_pgb-208\">\n<div style=\"margin: 29px;\" >\n\t\t\t\t\t\t\t<img decoding=\"async\" src=\"https:\/\/fidesco.at\/wp-content\/uploads\/2023\/04\/Oelz_logo.png\"><\/p>\n<div class=\"dimmer\">\n<div class=\"overlay\" style=\"background-color: #ffffff; \">\n<p>\t\t\t\t\t\t\t\t                 \t\t\t<a class=\"link\" style=\"display: none;\" title=\"\"><i class=\"fa fa-link\"><\/i><\/a><\/p>\n<h4 class='pgb-title' style=\"\">\n\t\t                      \t\t\t\t                       \t<\/h4>\n<p class=\"description\">\n<p>\t                        \t\t                        \t<a class=\"popup-box\" href=\"https:\/\/fidesco.at\/wp-content\/uploads\/2023\/04\/Oelz_logo.png\" data-lightbox=\"image\"><br \/>\n\t\t                           \t\t <i class=\"fa fa-plus\"><\/i><br \/>\n\t\t\t                        <\/a>\t\t<\/p><\/div>\n<p><!-- overlay -->\n\t\t\t\t\t<\/div>\n<p><!-- dimmer --><\/p><\/div>\n<p><!-- margin or gutter -->\n\t\t\t<\/div>\n<p><!-- col --><\/p>\n<div class=\"col-md-4 project col-sm-6 col-12 grid-item_pgb-208\">\n<div style=\"margin: 29px;\" >\n\t\t\t\t\t\t\t<img decoding=\"async\" src=\"https:\/\/fidesco.at\/wp-content\/uploads\/2023\/04\/Missio-Logo.png\"><\/p>\n<div class=\"dimmer\">\n<div class=\"overlay\" style=\"background-color: #ffffff; \">\n<p>\t\t\t\t\t\t\t\t                 \t\t\t<a class=\"link\" style=\"display: none;\" title=\"\"><i class=\"fa fa-link\"><\/i><\/a><\/p>\n<h4 class='pgb-title' style=\"\">\n\t\t                      \t\t\t\t                       \t<\/h4>\n<p class=\"description\">\n<p>\t                        \t\t                        \t<a class=\"popup-box\" href=\"https:\/\/fidesco.at\/wp-content\/uploads\/2023\/04\/Missio-Logo.png\" data-lightbox=\"image\"><br \/>\n\t\t                           \t\t <i class=\"fa fa-plus\"><\/i><br \/>\n\t\t\t                        <\/a>\t\t<\/p><\/div>\n<p><!-- overlay -->\n\t\t\t\t\t<\/div>\n<p><!-- dimmer --><\/p><\/div>\n<p><!-- margin or gutter -->\n\t\t\t<\/div>\n<p><!-- col --><\/p>\n<div class=\"col-md-4 project col-sm-6 col-12 grid-item_pgb-208\">\n<div style=\"margin: 29px;\" >\n\t\t\t\t\t\t\t<img decoding=\"async\" src=\"https:\/\/fidesco.at\/wp-content\/uploads\/2023\/04\/logosw.png\"><\/p>\n<div class=\"dimmer\">\n<div class=\"overlay\" style=\"background-color: #ffffff; \">\n<p>\t\t\t\t\t\t\t\t                 \t\t\t<a class=\"link\" style=\"display: none;\" title=\"\"><i class=\"fa fa-link\"><\/i><\/a><\/p>\n<h4 class='pgb-title' style=\"\">\n\t\t                      \t\t\t\t                       \t<\/h4>\n<p class=\"description\">\n<p>\t                        \t\t                        \t<a class=\"popup-box\" href=\"https:\/\/fidesco.at\/wp-content\/uploads\/2023\/04\/logosw.png\" data-lightbox=\"image\"><br \/>\n\t\t                           \t\t <i class=\"fa fa-plus\"><\/i><br \/>\n\t\t\t                        <\/a>\t\t<\/p><\/div>\n<p><!-- overlay -->\n\t\t\t\t\t<\/div>\n<p><!-- dimmer --><\/p><\/div>\n<p><!-- margin or gutter -->\n\t\t\t<\/div>\n<p><!-- col --><\/p>\n<div class=\"col-md-4 project col-sm-6 col-12 grid-item_pgb-208\">\n<div style=\"margin: 29px;\" >\n\t\t\t\t\t\t\t<img decoding=\"async\" src=\"https:\/\/fidesco.at\/wp-content\/uploads\/2023\/04\/LogoDornbirn2.png\"><\/p>\n<div class=\"dimmer\">\n<div class=\"overlay\" style=\"background-color: #ffffff; \">\n<p>\t\t\t\t\t\t\t\t                 \t\t\t<a class=\"link\" style=\"display: none;\" title=\"\"><i class=\"fa fa-link\"><\/i><\/a><\/p>\n<h4 class='pgb-title' style=\"\">\n\t\t                      \t\t\t\t                       \t<\/h4>\n<p class=\"description\">\n<p>\t                        \t\t                        \t<a class=\"popup-box\" href=\"https:\/\/fidesco.at\/wp-content\/uploads\/2023\/04\/LogoDornbirn2.png\" data-lightbox=\"image\"><br \/>\n\t\t                           \t\t <i class=\"fa fa-plus\"><\/i><br \/>\n\t\t\t                        <\/a>\t\t<\/p><\/div>\n<p><!-- overlay -->\n\t\t\t\t\t<\/div>\n<p><!-- dimmer --><\/p><\/div>\n<p><!-- margin or gutter -->\n\t\t\t<\/div>\n<p><!-- col --><\/p>\n<div class=\"col-md-4 project col-sm-6 col-12 grid-item_pgb-208\">\n<div style=\"margin: 29px;\" >\n\t\t\t\t\t\t\t<img decoding=\"async\" src=\"https:\/\/fidesco.at\/wp-content\/uploads\/2023\/04\/logo_wien_west_preview.gif\"><\/p>\n<div class=\"dimmer\">\n<div class=\"overlay\" style=\"background-color: #ffffff; \">\n<p>\t\t\t\t\t\t\t\t                 \t\t\t<a class=\"link\" style=\"display: none;\" title=\"\"><i class=\"fa fa-link\"><\/i><\/a><\/p>\n<h4 class='pgb-title' style=\"\">\n\t\t                      \t\t\t\t                       \t<\/h4>\n<p class=\"description\">\n<p>\t                        \t\t                        \t<a class=\"popup-box\" href=\"https:\/\/fidesco.at\/wp-content\/uploads\/2023\/04\/logo_wien_west_preview.gif\" data-lightbox=\"image\"><br \/>\n\t\t                           \t\t <i class=\"fa fa-plus\"><\/i><br \/>\n\t\t\t                        <\/a>\t\t<\/p><\/div>\n<p><!-- overlay -->\n\t\t\t\t\t<\/div>\n<p><!-- dimmer --><\/p><\/div>\n<p><!-- margin or gutter -->\n\t\t\t<\/div>\n<p><!-- col --><\/p>\n<div class=\"col-md-4 project col-sm-6 col-12 grid-item_pgb-208\">\n<div style=\"margin: 29px;\" >\n\t\t\t\t\t\t\t<img decoding=\"async\" src=\"https:\/\/fidesco.at\/wp-content\/uploads\/2023\/04\/layout_set_logo.png\"><\/p>\n<div class=\"dimmer\">\n<div class=\"overlay\" style=\"background-color: #ffffff; \">\n<p>\t\t\t\t\t\t\t\t                 \t\t\t<a class=\"link\" style=\"display: none;\" title=\"\"><i class=\"fa fa-link\"><\/i><\/a><\/p>\n<h4 class='pgb-title' style=\"\">\n\t\t                      \t\t\t\t                       \t<\/h4>\n<p class=\"description\">\n<p>\t                        \t\t                        \t<a class=\"popup-box\" href=\"https:\/\/fidesco.at\/wp-content\/uploads\/2023\/04\/layout_set_logo.png\" data-lightbox=\"image\"><br \/>\n\t\t                           \t\t <i class=\"fa fa-plus\"><\/i><br \/>\n\t\t\t                        <\/a>\t\t<\/p><\/div>\n<p><!-- overlay -->\n\t\t\t\t\t<\/div>\n<p><!-- dimmer --><\/p><\/div>\n<p><!-- margin or gutter -->\n\t\t\t<\/div>\n<p><!-- col --><\/p>\n<div class=\"col-md-4 project col-sm-6 col-12 grid-item_pgb-208\">\n<div style=\"margin: 29px;\" >\n\t\t\t\t\t\t\t<img decoding=\"async\" src=\"https:\/\/fidesco.at\/wp-content\/uploads\/2023\/04\/kathKirchLogo.png\"><\/p>\n<div class=\"dimmer\">\n<div class=\"overlay\" style=\"background-color: #ffffff; \">\n<p>\t\t\t\t\t\t\t\t                 \t\t\t<a class=\"link\" style=\"display: none;\" title=\"\"><i class=\"fa fa-link\"><\/i><\/a><\/p>\n<h4 class='pgb-title' style=\"\">\n\t\t                      \t\t\t\t                       \t<\/h4>\n<p class=\"description\">\n<p>\t                        \t\t                        \t<a class=\"popup-box\" href=\"https:\/\/fidesco.at\/wp-content\/uploads\/2023\/04\/kathKirchLogo.png\" data-lightbox=\"image\"><br \/>\n\t\t                           \t\t <i class=\"fa fa-plus\"><\/i><br \/>\n\t\t\t                        <\/a>\t\t<\/p><\/div>\n<p><!-- overlay -->\n\t\t\t\t\t<\/div>\n<p><!-- dimmer --><\/p><\/div>\n<p><!-- margin or gutter -->\n\t\t\t<\/div>\n<p><!-- col --><\/p>\n<div class=\"col-md-4 project col-sm-6 col-12 grid-item_pgb-208\">\n<div style=\"margin: 29px;\" >\n\t\t\t\t\t\t\t<img decoding=\"async\" src=\"https:\/\/fidesco.at\/wp-content\/uploads\/2023\/04\/stkarl-cumulus-4-3-4032302400-4032x3024-1-scaled.jpg\"><\/p>\n<div class=\"dimmer\">\n<div class=\"overlay\" style=\"background-color: #ffffff; \">\n<p>\t\t\t\t\t\t\t\t                 \t\t\t<a class=\"link\" style=\"display: none;\" title=\"\"><i class=\"fa fa-link\"><\/i><\/a><\/p>\n<h4 class='pgb-title' style=\"\">\n\t\t                      \t\tPfarre St.Karl Hohenems\t\t                       \t<\/h4>\n<p class=\"description\">\n<p>\t                        \t\t                        \t<a class=\"popup-box\" href=\"https:\/\/fidesco.at\/wp-content\/uploads\/2023\/04\/stkarl-cumulus-4-3-4032302400-4032x3024-1-scaled.jpg\" data-lightbox=\"image\"><br \/>\n\t\t                           \t\t <i class=\"fa fa-plus\"><\/i><br \/>\n\t\t\t                        <\/a>\t\t<\/p><\/div>\n<p><!-- overlay -->\n\t\t\t\t\t<\/div>\n<p><!-- dimmer --><\/p><\/div>\n<p><!-- margin or gutter -->\n\t\t\t<\/div>\n<p><!-- col --><\/p>\n<div class=\"col-md-4 project col-sm-6 col-12 grid-item_pgb-208\">\n<div style=\"margin: 29px;\" >\n\t\t\t\t\t\t\t<img decoding=\"async\" src=\"https:\/\/fidesco.at\/wp-content\/uploads\/2023\/04\/Illwerke_Logo.png\"><\/p>\n<div class=\"dimmer\">\n<div class=\"overlay\" style=\"background-color: #ffffff; \">\n<p>\t\t\t\t\t\t\t\t                 \t\t\t<a class=\"link\" style=\"display: none;\" title=\"\"><i class=\"fa fa-link\"><\/i><\/a><\/p>\n<h4 class='pgb-title' style=\"\">\n\t\t                      \t\t\t\t                       \t<\/h4>\n<p class=\"description\">\n<p>\t                        \t\t                        \t<a class=\"popup-box\" href=\"https:\/\/fidesco.at\/wp-content\/uploads\/2023\/04\/Illwerke_Logo.png\" data-lightbox=\"image\"><br \/>\n\t\t                           \t\t <i class=\"fa fa-plus\"><\/i><br \/>\n\t\t\t                        <\/a>\t\t<\/p><\/div>\n<p><!-- overlay -->\n\t\t\t\t\t<\/div>\n<p><!-- dimmer --><\/p><\/div>\n<p><!-- margin or gutter -->\n\t\t\t<\/div>\n<p><!-- col --><\/p>\n<div class=\"col-md-4 project col-sm-6 col-12 grid-item_pgb-208\">\n<div style=\"margin: 29px;\" >\n\t\t\t\t\t\t\t<img decoding=\"async\" src=\"https:\/\/fidesco.at\/wp-content\/uploads\/2023\/04\/Hohenems_Logo_2zeilen_SZ_Claim_rgb_300ppi.jpg.webp\"><\/p>\n<div class=\"dimmer\">\n<div class=\"overlay\" style=\"background-color: #ffffff; \">\n<p>\t\t\t\t\t\t\t\t                 \t\t\t<a class=\"link\" style=\"display: none;\" title=\"\"><i class=\"fa fa-link\"><\/i><\/a><\/p>\n<h4 class='pgb-title' style=\"\">\n\t\t                      \t\t\t\t                       \t<\/h4>\n<p class=\"description\">\n<p>\t                        \t\t                        \t<a class=\"popup-box\" href=\"https:\/\/fidesco.at\/wp-content\/uploads\/2023\/04\/Hohenems_Logo_2zeilen_SZ_Claim_rgb_300ppi.jpg.webp\" data-lightbox=\"image\"><br \/>\n\t\t                           \t\t <i class=\"fa fa-plus\"><\/i><br \/>\n\t\t\t                        <\/a>\t\t<\/p><\/div>\n<p><!-- overlay -->\n\t\t\t\t\t<\/div>\n<p><!-- dimmer --><\/p><\/div>\n<p><!-- margin or gutter -->\n\t\t\t<\/div>\n<p><!-- col --><\/p>\n<div class=\"col-md-4 project col-sm-6 col-12 grid-item_pgb-208\">\n<div style=\"margin: 29px;\" >\n\t\t\t\t\t\t\t<img decoding=\"async\" src=\"https:\/\/fidesco.at\/wp-content\/uploads\/2023\/04\/evangkirchefkirch-1.jpeg\"><\/p>\n<div class=\"dimmer\">\n<div class=\"overlay\" style=\"background-color: #ffffff; \">\n<p>\t\t\t\t\t\t\t\t                 \t\t\t<a class=\"link\" style=\"display: none;\" title=\"\"><i class=\"fa fa-link\"><\/i><\/a><\/p>\n<h4 class='pgb-title' style=\"\">\n\t\t                      \t\tEvangelische Pfarrgemeinde Feldkirch\t\t                       \t<\/h4>\n<p class=\"description\">\n<p>\t                        \t\t                        \t<a class=\"popup-box\" href=\"https:\/\/fidesco.at\/wp-content\/uploads\/2023\/04\/evangkirchefkirch-1.jpeg\" data-lightbox=\"image\"><br \/>\n\t\t                           \t\t <i class=\"fa fa-plus\"><\/i><br \/>\n\t\t\t                        <\/a>\t\t<\/p><\/div>\n<p><!-- overlay -->\n\t\t\t\t\t<\/div>\n<p><!-- dimmer --><\/p><\/div>\n<p><!-- margin or gutter -->\n\t\t\t<\/div>\n<p><!-- col --><\/p>\n<div class=\"col-md-4 project col-sm-6 col-12 grid-item_pgb-208\">\n<div style=\"margin: 29px;\" >\n\t\t\t\t\t\t\t<img decoding=\"async\" src=\"https:\/\/fidesco.at\/wp-content\/uploads\/2023\/04\/crossingbordlogo-1.png\"><\/p>\n<div class=\"dimmer\">\n<div class=\"overlay\" style=\"background-color: #ffffff; \">\n<p>\t\t\t\t\t\t\t\t                 \t\t\t<a class=\"link\" style=\"display: none;\" title=\"\"><i class=\"fa fa-link\"><\/i><\/a><\/p>\n<h4 class='pgb-title' style=\"\">\n\t\t                      \t\t\t\t                       \t<\/h4>\n<p class=\"description\">\n<p>\t                        \t\t                        \t<a class=\"popup-box\" href=\"https:\/\/fidesco.at\/wp-content\/uploads\/2023\/04\/crossingbordlogo-1.png\" data-lightbox=\"image\"><br \/>\n\t\t                           \t\t <i class=\"fa fa-plus\"><\/i><br \/>\n\t\t\t                        <\/a>\t\t<\/p><\/div>\n<p><!-- overlay -->\n\t\t\t\t\t<\/div>\n<p><!-- dimmer --><\/p><\/div>\n<p><!-- margin or gutter -->\n\t\t\t<\/div>\n<p><!-- col --><\/p>\n<div class=\"col-md-4 project col-sm-6 col-12 grid-item_pgb-208\">\n<div style=\"margin: 29px;\" >\n\t\t\t\t\t\t\t<img decoding=\"async\" src=\"https:\/\/fidesco.at\/wp-content\/uploads\/2023\/04\/BlumLogo-1.png\"><\/p>\n<div class=\"dimmer\">\n<div class=\"overlay\" style=\"background-color: #ffffff; \">\n<p>\t\t\t\t\t\t\t\t                 \t\t\t<a class=\"link\" style=\"display: none;\" title=\"\"><i class=\"fa fa-link\"><\/i><\/a><\/p>\n<h4 class='pgb-title' style=\"\">\n\t\t                      \t\t\t\t                       \t<\/h4>\n<p class=\"description\">\n<p>\t                        \t\t                        \t<a class=\"popup-box\" href=\"https:\/\/fidesco.at\/wp-content\/uploads\/2023\/04\/BlumLogo-1.png\" data-lightbox=\"image\"><br \/>\n\t\t                           \t\t <i class=\"fa fa-plus\"><\/i><br \/>\n\t\t\t                        <\/a>\t\t<\/p><\/div>\n<p><!-- overlay -->\n\t\t\t\t\t<\/div>\n<p><!-- dimmer --><\/p><\/div>\n<p><!-- margin or gutter -->\n\t\t\t<\/div>\n<p><!-- col --><\/p>\n<div class=\"col-md-4 project col-sm-6 col-12 grid-item_pgb-208\">\n<div style=\"margin: 29px;\" >\n\t\t\t\t\t\t\t<img decoding=\"async\" src=\"https:\/\/fidesco.at\/wp-content\/uploads\/2023\/07\/Liebherr_Brand_CMYK_pos-1-1-535x67.png\"><\/p>\n<div class=\"dimmer\">\n<div class=\"overlay\" style=\"background-color: #ffffff; \">\n<p>\t\t\t\t\t\t\t\t                 \t\t\t<a class=\"link\" style=\"display: none;\" title=\"\"><i class=\"fa fa-link\"><\/i><\/a><\/p>\n<h4 class='pgb-title' style=\"\">\n\t\t                      \t\t\t\t                       \t<\/h4>\n<p class=\"description\">\n<p>\t                        \t\t                        \t<a class=\"popup-box\" href=\"https:\/\/fidesco.at\/wp-content\/uploads\/2023\/07\/Liebherr_Brand_CMYK_pos-1-1.png\" data-lightbox=\"image\"><br \/>\n\t\t                           \t\t <i class=\"fa fa-plus\"><\/i><br \/>\n\t\t\t                        <\/a>\t\t<\/p><\/div>\n<p><!-- overlay -->\n\t\t\t\t\t<\/div>\n<p><!-- dimmer --><\/p><\/div>\n<p><!-- margin or gutter -->\n\t\t\t<\/div>\n<p><!-- col --><\/p>\n<div class=\"col-md-4 project col-sm-6 col-12 grid-item_pgb-208\">\n<div style=\"margin: 29px;\" >\n\t\t\t\t\t\t\t<img decoding=\"async\" src=\"https:\/\/fidesco.at\/wp-content\/uploads\/2026\/04\/getzner-1.png\"><\/p>\n<div class=\"dimmer\">\n<div class=\"overlay\" style=\"background-color: #ffffff; \">\n<p>\t\t\t\t\t\t\t\t                 \t\t\t<a class=\"link\" style=\"display: none;\" title=\"\"><i class=\"fa fa-link\"><\/i><\/a><\/p>\n<h4 class='pgb-title' style=\"\">\n\t\t                      \t\t\t\t                       \t<\/h4>\n<p class=\"description\">\n<p>\t                        \t\t                        \t<a class=\"popup-box\" href=\"https:\/\/fidesco.at\/wp-content\/uploads\/2026\/04\/getzner-1.png\" data-lightbox=\"image\"><br \/>\n\t\t                           \t\t <i class=\"fa fa-plus\"><\/i><br \/>\n\t\t\t                        <\/a>\t\t<\/p><\/div>\n<p><!-- overlay -->\n\t\t\t\t\t<\/div>\n<p><!-- dimmer --><\/p><\/div>\n<p><!-- margin or gutter -->\n\t\t\t<\/div>\n<p><!-- col -->\n\t\t\t\t<\/div>\n<p><!-- row -->\n<\/div>\n<p><!-- container --><\/p>\n<p><script><\/p>\n<p>\t\tjQuery(document).ready( function () {<\/p>\n<p>            var $grid = jQuery('#grid_pgb-208').isotope({\n              itemSelector: '.grid-item_pgb-208',\n                percentPosition: true,\n              masonry: {\n                columnWidth:0\n              }<\/p>\n<p>            });<\/p>\n<p>            $grid.imagesLoaded().progress( function() {\n              $grid.isotope('layout');\n            });<\/p>\n<p>          }\n        );<\/p>\n<p>\t<\/script><\/div>\n<\/div>\n\n<div class=\"wp-block-column is-layout-flow wp-block-column-is-layout-flow\" style=\"flex-basis: 33.33%;\">\n<h2 class=\"wp-block-heading\">Spenden<\/h2>\n\n<p>Wir sind f\u00fcr jede einzelne Spende dankbar. Falls auch Sie beitragen wollen, dass unser Projekt weiterhin so erfolgreich arbeiten kann, k\u00f6nnen Sie gerne auf die nachstehende Kontoverbindung \u00fcberweisen:<\/p>\n\n<p><strong>FIDESCO\u00a0<br \/>Raiba Hohenems<br \/>IBAN: AT17 3743 8000 0002 0602<\/strong><\/p>\n\n<p>Bitte Geburtsdatum auf dem Erlagschein anf\u00fchren.<\/p>\n\n<p>Wir freuen uns, Ihnen mitteilen zu k\u00f6nnen, dass alle Spenden an den Verein FIDESCO und damit f\u00fcr das VTTC in Enugu ab sofort direkt steuerlich absetzbar\u00a0sind.\u00a0<\/p>\n<\/div>\n<\/div>\n\n<p>Wir finanzieren uns ausschliesslich durch Spenden und sind f\u00fcr jegliche Hilfe dankbar.<br \/>Sollten Sie weitere Fragen haben, k\u00f6nnen Sie uns gerne <a href=\"https:\/\/test.fidesco.at\/?page_id=265\" data-type=\"page\" data-id=\"265\">kontaktieren<\/a><\/p>\n\n<p>Vielen Dank f\u00fcr Ihre Unterst\u00fctzung!<\/p>\n\t\t\t\t\t\t\t\t<\/div>\n\t\t\t\t<\/div>\n\t\t\t\t\t<\/div>\n\t\t\t\t<\/div>\n\t\t\t\t<\/div>\n\t\t","protected":false},"excerpt":{"rendered":"<p>Wir danken unseren G\u00f6nnern und Spendern f\u00fcr die Unterst\u00fctzung Spenden Wir &hellip;<\/p>\n","protected":false},"author":1,"featured_media":224,"parent":0,"menu_order":0,"comment_status":"closed","ping_status":"closed","template":"","meta":{"ngg_post_thumbnail":0,"footnotes":""},"class_list":["post-205","page","type-page","status-publish","has-post-thumbnail","hentry"],"jetpack_sharing_enabled":true,"_links":{"self":[{"href":"https:\/\/fidesco.at\/index.php?rest_route=\/wp\/v2\/pages\/205","targetHints":{"allow":["GET"]}}],"collection":[{"href":"https:\/\/fidesco.at\/index.php?rest_route=\/wp\/v2\/pages"}],"about":[{"href":"https:\/\/fidesco.at\/index.php?rest_route=\/wp\/v2\/types\/page"}],"author":[{"embeddable":true,"href":"https:\/\/fidesco.at\/index.php?rest_route=\/wp\/v2\/users\/1"}],"replies":[{"embeddable":true,"href":"https:\/\/fidesco.at\/index.php?rest_route=%2Fwp%2Fv2%2Fcomments&post=205"}],"version-history":[{"count":27,"href":"https:\/\/fidesco.at\/index.php?rest_route=\/wp\/v2\/pages\/205\/revisions"}],"predecessor-version":[{"id":1318,"href":"https:\/\/fidesco.at\/index.php?rest_route=\/wp\/v2\/pages\/205\/revisions\/1318"}],"wp:featuredmedia":[{"embeddable":true,"href":"https:\/\/fidesco.at\/index.php?rest_route=\/wp\/v2\/media\/224"}],"wp:attachment":[{"href":"https:\/\/fidesco.at\/index.php?rest_route=%2Fwp%2Fv2%2Fmedia&parent=205"}],"curies":[{"name":"wp","href":"https:\/\/api.w.org\/{rel}","templated":true}]}}