{"id":2,"date":"2023-04-22T14:12:08","date_gmt":"2023-04-22T12:12:08","guid":{"rendered":"https:\/\/test.fidesco.at\/?page_id=2"},"modified":"2024-06-22T14:50:50","modified_gmt":"2024-06-22T12:50:50","slug":"beispiel-seite","status":"publish","type":"page","link":"https:\/\/fidesco.at\/","title":{"rendered":"FIDESCO"},"content":{"rendered":"\t\t<div data-elementor-type=\"wp-page\" data-elementor-id=\"2\" class=\"elementor elementor-2\">\n\t\t\t\t<div class=\"elementor-element elementor-element-52d59c73 e-flex e-con-boxed e-con e-parent\" data-id=\"52d59c73\" data-element_type=\"container\" data-e-type=\"container\">\n\t\t\t\t\t<div class=\"e-con-inner\">\n\t\t\t\t<div class=\"elementor-element elementor-element-2cae194a elementor-widget elementor-widget-text-editor\" data-id=\"2cae194a\" data-element_type=\"widget\" data-e-type=\"widget\" data-widget_type=\"text-editor.default\">\n\t\t\t\t<div class=\"elementor-widget-container\">\n\t\t\t\t\t\t\t\t\t<p><div class=\"wp-block-image\"><\/p>\n<figure class=\"aligncenter size-full\"><img fetchpriority=\"high\" decoding=\"async\" width=\"509\" height=\"128\" class=\"wp-image-105\" src=\"https:\/\/test.fidesco.at\/wp-content\/uploads\/2023\/04\/cropped-Fidesco_Logo.png\" alt=\"\" srcset=\"https:\/\/fidesco.at\/wp-content\/uploads\/2023\/04\/cropped-Fidesco_Logo.png 509w, https:\/\/fidesco.at\/wp-content\/uploads\/2023\/04\/cropped-Fidesco_Logo-300x75.png 300w\" sizes=\"(max-width: 509px) 100vw, 509px\" \/><\/figure>\n<p><\/div><\/p>\n<p><\/p>\n<h2 class=\"wp-block-heading has-text-align-center\">WER WIR SIND<\/h2>\n<p><\/p>\n<p><\/p>\n<p class=\"has-text-align-left\">Der Verein FIDESCO, der in Vorarlberg seit 1966 besteht, ist eine Initiative f\u00fcr Entwicklungszusammenarbeit und internationale Solidarit\u00e4t (NGO). Er hat sich zur Aufgabe gemacht, jungen Menschen in armen L\u00e4ndern des S\u00fcdens eine Berufsausbildung anzubieten und damit Hoffnung auf ein menschenw\u00fcrdiges Leben zu geben. So wurde in Enugu, einer Gro\u00dfstadt im S\u00fcdosten Nigerias, ein Berufsausbildungszentrum gegr\u00fcndet, mit einem einheimischen Team aufgebaut und seither immer wieder erweitert. Bisher haben hier ca. 500 junge Frauen und M\u00e4nner einen der angebotenen handwerklichen Berufe erlernt, diese sind derzeit SchlosserIn, ElektrikerIn und AutomechanikerIn.<\/p>\n<p><\/p>\n<p><div class=\"wp-block-image\"><\/p>\n<figure class=\"aligncenter size-full is-resized\"><img decoding=\"async\" class=\"wp-image-176\" src=\"https:\/\/test.fidesco.at\/wp-content\/uploads\/2023\/04\/e8339a4b-0e09-4ba0-8d97-c7e8f6f8e81f.jpg\" alt=\"\" width=\"512\" height=\"384\" srcset=\"https:\/\/fidesco.at\/wp-content\/uploads\/2023\/04\/e8339a4b-0e09-4ba0-8d97-c7e8f6f8e81f.jpg 1024w, https:\/\/fidesco.at\/wp-content\/uploads\/2023\/04\/e8339a4b-0e09-4ba0-8d97-c7e8f6f8e81f-300x225.jpg 300w, https:\/\/fidesco.at\/wp-content\/uploads\/2023\/04\/e8339a4b-0e09-4ba0-8d97-c7e8f6f8e81f-768x576.jpg 768w, https:\/\/fidesco.at\/wp-content\/uploads\/2023\/04\/e8339a4b-0e09-4ba0-8d97-c7e8f6f8e81f-535x401.jpg 535w\" sizes=\"(max-width: 512px) 100vw, 512px\" \/><\/figure>\n<p><\/div><\/p>\n<p><\/p>\n<hr class=\"wp-block-separator has-alpha-channel-opacity\">\n<p><\/p>\n<p><\/p>\n<p>Der Verein \u201eFIDESCO\u201c mit Sitz in Vorarlberg hat in den letzten 20 Jahren ein Berufsausbildungszentrum f\u00fcr Schlosser, Elektroinstallateure und Automechaniker aufgebaut. Dabei wird vor allem auf eine solide praktische Ausbildung gro\u00dfen Wert gelegt.<\/p>\n<p><\/p>\n<p><\/p>\n<p>Pensionierte Berufspraktiker aus Vorarlberg begleiten das Zentrum durch Projekteins\u00e4tze und pandemiebedingt auch digital. Inzwischen hat ein einheimisches Projektteam die&nbsp;Leitung inne. Auf Wunsch stehen aber die Vorarlberger Experten weiterhin f\u00fcr konkrete fachliche Fragen zur Verf\u00fcgung.<\/p>\n<p><\/p>\n<p><\/p>\n<p>Die praktische Ausbildung erfolgt an konkreten Projekten, so zum Beispiel im Dorf IMEOHA, ca. zwei Autostunden von der Stadt Enugu, dem Sitz des Zentrums,&nbsp;entfernt.<\/p>\n<p><\/p>\n<p><\/p>\n<p>Diese neue Volksschule (6 Jahre) mit angeschlossenem Kindergarten (3 Jahre) wurde von&nbsp;unseren Lehrlingen mit ihren Ausbildern im praktischen Unterricht in den Jahren 2015 bis 2021 geschaffen. Deshalb die&nbsp;<a href=\"https:\/\/test.fidesco.at\/?page_id=136\" data-type=\"page\" data-id=\"136\">Bildreportage<\/a>&nbsp;\u00fcber das Ergebnis der Arbeit in diesem konkreten Dorf.<\/p>\n<p><\/p>\n<p><\/p>\n<p>Die Maurer- und Dachdeckerarbeiten wurden von einheimischen Handwerksbetrieben durchgef\u00fchrt und \u00fcber FIDESCO von Projektpartnern in \u00d6sterreich (Freunde und F\u00f6rderer) finanziert.<\/p>\n<p><\/p>\n<p><\/p>\n<p>Das Berufsbildungszentrum (Olu aka dim Mma) befindet sich im Kohlelager&nbsp;im nigerianischen Bundesstaat Enugu.<\/p>\n<p><\/p>\n<p><\/p>\n<p>VTTC ist ein Zweig des Catholic Institute for Development Justice and Peace (CIDJAP).&nbsp;<\/p>\n<p><\/p>\n<p><\/p>\n<p>CIDJAP selbst ist eine soziale Organisation der katholischen Di\u00f6zese Enugu, die sich der Umsetzung der katholischen Soziallehre verschrieben hat, eine nichtstaatliche, gemeinn\u00fctzige, Forschungs- und &nbsp;Entwicklungsorganisation.<\/p>\n<p><\/p>\n<p><\/p>\n<p>VTTC, Olu aka di mma is der Arm von CIDJAP, der sich auf die Jugendentwicklung durch den Erwerb von F\u00e4higkeiten konzentriert. Berichte zeigen, dass die gr\u00f6\u00dfte Herausforderung f\u00fcr Regierung, Gesellschaft und Kirche in Nigeria die Arbeitslosigkeit ist. Dies hat sich auch im Alltag weiter verschlechtert, da immer mehr Jugendliche die Schulen verlassen, ohne Hoffnung auf einen Arbeitsplatz. Im Jahr 2002, genau sechzehn Jahre nach der Gr\u00fcndung von CIDJAP, unternahm der Gr\u00fcnder Very, Rev. Prof. Msgr. Obiora Francis Ike, einen mutigen Schritt, um diesen Schraubstock in Frage zu stellen, indem er VTTC mit dem Ziel gr\u00fcndete, die Jugendlichen durch Berufsausbildung zu st\u00e4rken. Die Idee ist, sie selbstst\u00e4ndig und selbsttragend zu machen und daher der Slogan \u2013 Olu-Aka Di Mma.<\/p>\n<p><\/p>\n<p><\/p>\n<figure class=\"wp-block-image size-large is-resized\"><img decoding=\"async\" class=\"wp-image-290\" src=\"https:\/\/test.fidesco.at\/wp-content\/uploads\/2023\/04\/vttcTeamEnugu-1536x1024-1-1024x683.jpg\" alt=\"\" width=\"768\" height=\"512\" srcset=\"https:\/\/fidesco.at\/wp-content\/uploads\/2023\/04\/vttcTeamEnugu-1536x1024-1-1024x683.jpg 1024w, https:\/\/fidesco.at\/wp-content\/uploads\/2023\/04\/vttcTeamEnugu-1536x1024-1-300x200.jpg 300w, https:\/\/fidesco.at\/wp-content\/uploads\/2023\/04\/vttcTeamEnugu-1536x1024-1-768x512.jpg 768w, https:\/\/fidesco.at\/wp-content\/uploads\/2023\/04\/vttcTeamEnugu-1536x1024-1-535x357.jpg 535w, https:\/\/fidesco.at\/wp-content\/uploads\/2023\/04\/vttcTeamEnugu-1536x1024-1-930x620.jpg 930w, https:\/\/fidesco.at\/wp-content\/uploads\/2023\/04\/vttcTeamEnugu-1536x1024-1.jpg 1536w\" sizes=\"(max-width: 768px) 100vw, 768px\" \/><p><\/p>\n<figcaption class=\"wp-element-caption\"><strong>UNSER TEAM IN ENUGU<\/strong><\/figcaption>\n<\/figure>\n<p><\/p>\n<p><\/p>\n<hr class=\"wp-block-separator has-alpha-channel-opacity\">\n<p><\/p>\n<p><\/p>\n<h2 id=\"tablepress-1-name\" class=\"wp-block-heading\">Vorstand<\/h2>\n<p><\/p>\n<p><\/p>\n<figure class=\"wp-block-table\">\n<table>\n<tbody>\n<tr>\n<td>Obmann:<\/td>\n<td>Ferdinand<\/td>\n<td>Mayer<\/td>\n<td>Nenzing<\/td>\n<\/tr>\n<tr>\n<td>Obmann-Stellvertreterin:<\/td>\n<td>Marianne<\/td>\n<td>\u00d6lz<\/td>\n<td>Hohenems<\/td>\n<\/tr>\n<tr>\n<td>Schriftf\u00fchrerin:<\/td>\n<td>Beatrix<\/td>\n<td>Hauser<\/td>\n<td>Fussach<\/td>\n<\/tr>\n<tr>\n<td>Kassierin:<\/td>\n<td>Elisabeth<\/td>\n<td>Fenkart<\/td>\n<td>Hohenems<\/td>\n<\/tr>\n<tr>\n<td>Beir\u00e4te:<\/td>\n<td>Ilse<\/td>\n<td>Mayer<\/td>\n<td>Nenzing<\/td>\n<\/tr>\n<tr>\n<td>&nbsp;<\/td>\n<td>&nbsp;<\/td>\n<td>&nbsp;<\/td>\n<td>&nbsp;<\/td>\n<\/tr>\n<tr>\n<td>Rechnungspr\u00fcfer:<\/td>\n<td>Dr. Heinz<\/td>\n<td>Hinterberger<\/td>\n<td>Hohenems<\/td>\n<\/tr>\n<tr>\n<td>&nbsp;<\/td>\n<td>Anton Josef<\/td>\n<td>Amann<\/td>\n<td>Hohenems<\/td>\n<\/tr>\n<\/tbody>\n<\/table>\n<\/figure>\n<p><\/p>\n<p><\/p>\n<div class=\"wp-block-columns is-layout-flex wp-container-core-columns-is-layout-9d6595d7 wp-block-columns-is-layout-flex\">\n<p><\/p>\n<div class=\"wp-block-column is-layout-flow wp-block-column-is-layout-flow\" style=\"flex-basis: 100%;\">&nbsp;<\/div>\n<p><\/p>\n<\/div>\n<p><\/p>\n<p><\/p>\n<hr class=\"wp-block-separator has-alpha-channel-opacity is-style-wide\">\n<p><\/p>\n<p><\/p>\n<div class=\"wp-block-columns is-layout-flex wp-container-core-columns-is-layout-9d6595d7 wp-block-columns-is-layout-flex\">\n<p><\/p>\n<div class=\"wp-block-column is-vertically-aligned-center is-layout-flow wp-block-column-is-layout-flow\">\n<p><\/p>\n<h2 class=\"wp-block-heading has-text-align-right has-accent-1-color has-text-color has-background has-large-font-size\" style=\"background-color: #eeeeee; font-style: normal; font-weight: bold; text-transform: uppercase;\">Wie geht es weiter? <br>Auch dann, wenn wir nicht mehr kommen k\u00f6nnen!<\/h2>\n<p><\/p>\n<\/div>\n<p><\/p>\n<p><\/p>\n<div class=\"wp-block-column is-layout-flow wp-block-column-is-layout-flow\">\n<p><\/p>\n<p>Die Selbstfinanzierung eines Ausbildungs-Projektes<br>ist in einem armen Land nicht einfach, obwohl wir uns dies bereits vor 20 Jahren zum Ziel gesetzt haben nach dem Motto: \u201eHilfe zur Selbsthilfe\u201c.<\/p>\n<p><\/p>\n<p><\/p>\n<p>Der hoffnungsvolle Ansatz unseres Modells besteht darin, dass durch die Ausbildung unserer Lehrlinge Kinder<br>einen lebensnotwendigen Grundschulunterricht erhalten k\u00f6nnen.<\/p>\n<p><\/p>\n<p><\/p>\n<p><strong>Danke allen, die uns dabei unterst\u00fctzt haben.<\/strong><\/p>\n<p><\/p>\n<\/div>\n<p><\/p>\n<\/div>\n<p><\/p>\n<p><\/p>\n<hr class=\"wp-block-separator has-alpha-channel-opacity is-style-wide\">\n<p><\/p>\n<p><\/p>\n<h5 class=\"wp-block-heading\">zu den <a href=\"https:\/\/fidesco.at\/?page_id=125\" data-type=\"page\" data-id=\"125\">NEWS<\/a> geht es hier weiter<\/h5>\n<p><\/p>\t\t\t\t\t\t\t\t<\/div>\n\t\t\t\t<\/div>\n\t\t\t\t\t<\/div>\n\t\t\t\t<\/div>\n\t\t\t\t<\/div>\n\t\t","protected":false},"excerpt":{"rendered":"<p>WER WIR SIND Der Verein FIDESCO, der in Vorarlberg seit 1966 &hellip;<\/p>\n","protected":false},"author":1,"featured_media":472,"parent":0,"menu_order":0,"comment_status":"closed","ping_status":"open","template":"","meta":{"ngg_post_thumbnail":0,"footnotes":""},"class_list":["post-2","page","type-page","status-publish","has-post-thumbnail","hentry"],"jetpack_sharing_enabled":true,"_links":{"self":[{"href":"https:\/\/fidesco.at\/index.php?rest_route=\/wp\/v2\/pages\/2","targetHints":{"allow":["GET"]}}],"collection":[{"href":"https:\/\/fidesco.at\/index.php?rest_route=\/wp\/v2\/pages"}],"about":[{"href":"https:\/\/fidesco.at\/index.php?rest_route=\/wp\/v2\/types\/page"}],"author":[{"embeddable":true,"href":"https:\/\/fidesco.at\/index.php?rest_route=\/wp\/v2\/users\/1"}],"replies":[{"embeddable":true,"href":"https:\/\/fidesco.at\/index.php?rest_route=%2Fwp%2Fv2%2Fcomments&post=2"}],"version-history":[{"count":70,"href":"https:\/\/fidesco.at\/index.php?rest_route=\/wp\/v2\/pages\/2\/revisions"}],"predecessor-version":[{"id":1251,"href":"https:\/\/fidesco.at\/index.php?rest_route=\/wp\/v2\/pages\/2\/revisions\/1251"}],"wp:featuredmedia":[{"embeddable":true,"href":"https:\/\/fidesco.at\/index.php?rest_route=\/wp\/v2\/media\/472"}],"wp:attachment":[{"href":"https:\/\/fidesco.at\/index.php?rest_route=%2Fwp%2Fv2%2Fmedia&parent=2"}],"curies":[{"name":"wp","href":"https:\/\/api.w.org\/{rel}","templated":true}]}}